{"id":1330,"date":"2022-08-26T12:13:09","date_gmt":"2022-08-26T10:13:09","guid":{"rendered":"http:\/\/restaurante-indio-sultan-golden-curry.local\/?post_type=product&#038;p=1330"},"modified":"2024-08-05T15:41:49","modified_gmt":"2024-08-05T13:41:49","slug":"papadum","status":"publish","type":"product","link":"https:\/\/goldencurry.es\/fr\/produit\/papadum\/","title":{"rendered":"Papadum"},"content":{"rendered":"<p>Le papadum est un craquelin frit et croustillant, fabriqu\u00e9 \u00e0 partir de farine. C'est un en-cas l\u00e9ger et savoureux servi en entr\u00e9e avec certaines de nos meilleures sauces.<\/p>","protected":false},"excerpt":{"rendered":"<p>Le papadum est un biscuit frit et croustillant, fabriqu\u00e9 \u00e0 partir de farine.<\/p>","protected":false},"featured_media":1331,"comment_status":"open","ping_status":"closed","template":"","meta":{"_kadence_starter_templates_imported_post":false,"_kad_post_transparent":"default","_kad_post_title":"","_kad_post_layout":"default","_kad_post_sidebar_id":"","_kad_post_content_style":"default","_kad_post_vertical_padding":"default","_kad_post_feature":"","_kad_post_feature_position":"","_kad_post_header":false,"_kad_post_footer":false},"product_brand":[],"product_cat":[42],"product_tag":[],"class_list":{"0":"post-1330","1":"product","2":"type-product","3":"status-publish","4":"has-post-thumbnail","6":"product_cat-entrantes","8":"first","9":"instock","10":"shipping-taxable","11":"purchasable","12":"product-type-simple","13":"entry","14":"content-bg","15":"loop-entry"},"_links":{"self":[{"href":"https:\/\/goldencurry.es\/fr\/wp-json\/wp\/v2\/product\/1330","targetHints":{"allow":["GET"]}}],"collection":[{"href":"https:\/\/goldencurry.es\/fr\/wp-json\/wp\/v2\/product"}],"about":[{"href":"https:\/\/goldencurry.es\/fr\/wp-json\/wp\/v2\/types\/product"}],"replies":[{"embeddable":true,"href":"https:\/\/goldencurry.es\/fr\/wp-json\/wp\/v2\/comments?post=1330"}],"wp:featuredmedia":[{"embeddable":true,"href":"https:\/\/goldencurry.es\/fr\/wp-json\/wp\/v2\/media\/1331"}],"wp:attachment":[{"href":"https:\/\/goldencurry.es\/fr\/wp-json\/wp\/v2\/media?parent=1330"}],"wp:term":[{"taxonomy":"product_brand","embeddable":true,"href":"https:\/\/goldencurry.es\/fr\/wp-json\/wp\/v2\/product_brand?post=1330"},{"taxonomy":"product_cat","embeddable":true,"href":"https:\/\/goldencurry.es\/fr\/wp-json\/wp\/v2\/product_cat?post=1330"},{"taxonomy":"product_tag","embeddable":true,"href":"https:\/\/goldencurry.es\/fr\/wp-json\/wp\/v2\/product_tag?post=1330"}],"curies":[{"name":"wp","href":"https:\/\/api.w.org\/{rel}","templated":true}]}}