{"id":1369,"date":"2022-08-26T13:15:17","date_gmt":"2022-08-26T11:15:17","guid":{"rendered":"http:\/\/restaurante-indio-sultan-golden-curry.local\/?post_type=product&#038;p=1369"},"modified":"2024-08-05T15:47:49","modified_gmt":"2024-08-05T13:47:49","slug":"chicken-tikka","status":"publish","type":"product","link":"https:\/\/goldencurry.es\/fr\/produit\/poulet-tikka\/","title":{"rendered":"Poulet Tikka"},"content":{"rendered":"<p>Morceaux de poulet marin\u00e9s dans du yaourt et des \u00e9pices. Cuits sur un gril \u00e0 charbon de bois (tandoor).<\/p>","protected":false},"excerpt":{"rendered":"<p>Morceaux de poulet marin\u00e9s dans du yaourt et des \u00e9pices. Cuits sur un gril \u00e0 charbon de bois (tandoor).<\/p>","protected":false},"featured_media":1370,"comment_status":"open","ping_status":"closed","template":"","meta":{"_kadence_starter_templates_imported_post":false,"_kad_post_transparent":"default","_kad_post_title":"","_kad_post_layout":"default","_kad_post_sidebar_id":"","_kad_post_content_style":"default","_kad_post_vertical_padding":"default","_kad_post_feature":"","_kad_post_feature_position":"","_kad_post_header":false,"_kad_post_footer":false},"product_brand":[],"product_cat":[46],"product_tag":[],"class_list":{"0":"post-1369","1":"product","2":"type-product","3":"status-publish","4":"has-post-thumbnail","6":"product_cat-tandoori","8":"first","9":"instock","10":"shipping-taxable","11":"purchasable","12":"product-type-simple","13":"entry","14":"content-bg","15":"loop-entry"},"_links":{"self":[{"href":"https:\/\/goldencurry.es\/fr\/wp-json\/wp\/v2\/product\/1369","targetHints":{"allow":["GET"]}}],"collection":[{"href":"https:\/\/goldencurry.es\/fr\/wp-json\/wp\/v2\/product"}],"about":[{"href":"https:\/\/goldencurry.es\/fr\/wp-json\/wp\/v2\/types\/product"}],"replies":[{"embeddable":true,"href":"https:\/\/goldencurry.es\/fr\/wp-json\/wp\/v2\/comments?post=1369"}],"wp:featuredmedia":[{"embeddable":true,"href":"https:\/\/goldencurry.es\/fr\/wp-json\/wp\/v2\/media\/1370"}],"wp:attachment":[{"href":"https:\/\/goldencurry.es\/fr\/wp-json\/wp\/v2\/media?parent=1369"}],"wp:term":[{"taxonomy":"product_brand","embeddable":true,"href":"https:\/\/goldencurry.es\/fr\/wp-json\/wp\/v2\/product_brand?post=1369"},{"taxonomy":"product_cat","embeddable":true,"href":"https:\/\/goldencurry.es\/fr\/wp-json\/wp\/v2\/product_cat?post=1369"},{"taxonomy":"product_tag","embeddable":true,"href":"https:\/\/goldencurry.es\/fr\/wp-json\/wp\/v2\/product_tag?post=1369"}],"curies":[{"name":"wp","href":"https:\/\/api.w.org\/{rel}","templated":true}]}}