{"id":1388,"date":"2022-08-27T16:58:38","date_gmt":"2022-08-27T14:58:38","guid":{"rendered":"http:\/\/restaurante-indio-sultan-golden-curry.local\/?post_type=product&#038;p=1388"},"modified":"2025-03-09T13:29:23","modified_gmt":"2025-03-09T12:29:23","slug":"shami-kebab","status":"publish","type":"product","link":"https:\/\/goldencurry.es\/fr\/produit\/shami-kebab\/","title":{"rendered":"Shami Kebab"},"content":{"rendered":"<p>Viande hach\u00e9e avec pois chiches moulus, \u0153uf et \u00e9pices ( 2 pcs.)<\/p>","protected":false},"excerpt":{"rendered":"<p>Viande hach\u00e9e avec pois chiches moulus, \u0153uf et \u00e9pices ( 2 pcs.)<\/p>","protected":false},"featured_media":1389,"comment_status":"open","ping_status":"closed","template":"","meta":{"_kadence_starter_templates_imported_post":false,"_kad_post_transparent":"default","_kad_post_title":"","_kad_post_layout":"default","_kad_post_sidebar_id":"","_kad_post_content_style":"default","_kad_post_vertical_padding":"default","_kad_post_feature":"","_kad_post_feature_position":"","_kad_post_header":false,"_kad_post_footer":false},"product_brand":[],"product_cat":[46],"product_tag":[],"class_list":{"0":"post-1388","1":"product","2":"type-product","3":"status-publish","4":"has-post-thumbnail","6":"product_cat-tandoori","8":"first","9":"instock","10":"shipping-taxable","11":"purchasable","12":"product-type-simple","13":"entry","14":"content-bg","15":"loop-entry"},"_links":{"self":[{"href":"https:\/\/goldencurry.es\/fr\/wp-json\/wp\/v2\/product\/1388","targetHints":{"allow":["GET"]}}],"collection":[{"href":"https:\/\/goldencurry.es\/fr\/wp-json\/wp\/v2\/product"}],"about":[{"href":"https:\/\/goldencurry.es\/fr\/wp-json\/wp\/v2\/types\/product"}],"replies":[{"embeddable":true,"href":"https:\/\/goldencurry.es\/fr\/wp-json\/wp\/v2\/comments?post=1388"}],"wp:featuredmedia":[{"embeddable":true,"href":"https:\/\/goldencurry.es\/fr\/wp-json\/wp\/v2\/media\/1389"}],"wp:attachment":[{"href":"https:\/\/goldencurry.es\/fr\/wp-json\/wp\/v2\/media?parent=1388"}],"wp:term":[{"taxonomy":"product_brand","embeddable":true,"href":"https:\/\/goldencurry.es\/fr\/wp-json\/wp\/v2\/product_brand?post=1388"},{"taxonomy":"product_cat","embeddable":true,"href":"https:\/\/goldencurry.es\/fr\/wp-json\/wp\/v2\/product_cat?post=1388"},{"taxonomy":"product_tag","embeddable":true,"href":"https:\/\/goldencurry.es\/fr\/wp-json\/wp\/v2\/product_tag?post=1388"}],"curies":[{"name":"wp","href":"https:\/\/api.w.org\/{rel}","templated":true}]}}