{"id":1447,"date":"2022-08-29T12:27:01","date_gmt":"2022-08-29T10:27:01","guid":{"rendered":"http:\/\/restaurante-indio-sultan-golden-curry.local\/?post_type=product&#038;p=1447"},"modified":"2024-08-05T16:01:27","modified_gmt":"2024-08-05T14:01:27","slug":"kofta","status":"publish","type":"product","link":"https:\/\/goldencurry.es\/fr\/produit\/kofta\/","title":{"rendered":"Kofta"},"content":{"rendered":"<p>Boulettes de viande hach\u00e9e, m\u00e9lang\u00e9es \u00e0 des \u00e9pices. Servi et cuisin\u00e9 avec du curry.<\/p>","protected":false},"excerpt":{"rendered":"<p>Boulettes de viande hach\u00e9e, m\u00e9lang\u00e9es \u00e0 des \u00e9pices. Servi et cuisin\u00e9 avec du curry.<\/p>","protected":false},"featured_media":1448,"comment_status":"open","ping_status":"closed","template":"","meta":{"_kadence_starter_templates_imported_post":false,"_kad_post_transparent":"default","_kad_post_title":"","_kad_post_layout":"default","_kad_post_sidebar_id":"","_kad_post_content_style":"default","_kad_post_vertical_padding":"default","_kad_post_feature":"","_kad_post_feature_position":"","_kad_post_header":false,"_kad_post_footer":false},"product_brand":[],"product_cat":[48],"product_tag":[],"class_list":{"0":"post-1447","1":"product","2":"type-product","3":"status-publish","4":"has-post-thumbnail","6":"product_cat-especialidades","8":"first","9":"instock","10":"shipping-taxable","11":"purchasable","12":"product-type-variable","13":"entry","14":"content-bg","15":"loop-entry"},"_links":{"self":[{"href":"https:\/\/goldencurry.es\/fr\/wp-json\/wp\/v2\/product\/1447","targetHints":{"allow":["GET"]}}],"collection":[{"href":"https:\/\/goldencurry.es\/fr\/wp-json\/wp\/v2\/product"}],"about":[{"href":"https:\/\/goldencurry.es\/fr\/wp-json\/wp\/v2\/types\/product"}],"replies":[{"embeddable":true,"href":"https:\/\/goldencurry.es\/fr\/wp-json\/wp\/v2\/comments?post=1447"}],"wp:featuredmedia":[{"embeddable":true,"href":"https:\/\/goldencurry.es\/fr\/wp-json\/wp\/v2\/media\/1448"}],"wp:attachment":[{"href":"https:\/\/goldencurry.es\/fr\/wp-json\/wp\/v2\/media?parent=1447"}],"wp:term":[{"taxonomy":"product_brand","embeddable":true,"href":"https:\/\/goldencurry.es\/fr\/wp-json\/wp\/v2\/product_brand?post=1447"},{"taxonomy":"product_cat","embeddable":true,"href":"https:\/\/goldencurry.es\/fr\/wp-json\/wp\/v2\/product_cat?post=1447"},{"taxonomy":"product_tag","embeddable":true,"href":"https:\/\/goldencurry.es\/fr\/wp-json\/wp\/v2\/product_tag?post=1447"}],"curies":[{"name":"wp","href":"https:\/\/api.w.org\/{rel}","templated":true}]}}