{"id":1456,"date":"2022-08-29T12:41:39","date_gmt":"2022-08-29T10:41:39","guid":{"rendered":"http:\/\/restaurante-indio-sultan-golden-curry.local\/?post_type=product&#038;p=1456"},"modified":"2025-04-16T13:36:49","modified_gmt":"2025-04-16T11:36:49","slug":"biryani","status":"publish","type":"product","link":"https:\/\/goldencurry.es\/fr\/produit\/biryani\/","title":{"rendered":"Biryani"},"content":{"rendered":"<p>Il s'agit du plat le plus populaire de la f\u00eate indienne. Le riz basmati est cuit avec de la viande, des \u00e9pices d\u00e9licates et des herbes, servi avec une sauce curry au yaourt ou une sauce biryani.<\/p>","protected":false},"excerpt":{"rendered":"<p>Il s'agit du plat le plus populaire de la f\u00eate indienne. Le riz basmati est cuit avec de la viande, des \u00e9pices d\u00e9licates et des herbes, servi avec une sauce curry au yaourt ou une sauce biryani.<\/p>","protected":false},"featured_media":1463,"comment_status":"open","ping_status":"closed","template":"","meta":{"_kadence_starter_templates_imported_post":false,"_kad_post_transparent":"default","_kad_post_title":"","_kad_post_layout":"default","_kad_post_sidebar_id":"","_kad_post_content_style":"default","_kad_post_vertical_padding":"default","_kad_post_feature":"","_kad_post_feature_position":"","_kad_post_header":false,"_kad_post_footer":false},"product_brand":[],"product_cat":[47],"product_tag":[],"class_list":{"0":"post-1456","1":"product","2":"type-product","3":"status-publish","4":"has-post-thumbnail","6":"product_cat-platos-principales","8":"first","9":"instock","10":"shipping-taxable","11":"purchasable","12":"product-type-variable","13":"entry","14":"content-bg","15":"loop-entry"},"_links":{"self":[{"href":"https:\/\/goldencurry.es\/fr\/wp-json\/wp\/v2\/product\/1456","targetHints":{"allow":["GET"]}}],"collection":[{"href":"https:\/\/goldencurry.es\/fr\/wp-json\/wp\/v2\/product"}],"about":[{"href":"https:\/\/goldencurry.es\/fr\/wp-json\/wp\/v2\/types\/product"}],"replies":[{"embeddable":true,"href":"https:\/\/goldencurry.es\/fr\/wp-json\/wp\/v2\/comments?post=1456"}],"wp:featuredmedia":[{"embeddable":true,"href":"https:\/\/goldencurry.es\/fr\/wp-json\/wp\/v2\/media\/1463"}],"wp:attachment":[{"href":"https:\/\/goldencurry.es\/fr\/wp-json\/wp\/v2\/media?parent=1456"}],"wp:term":[{"taxonomy":"product_brand","embeddable":true,"href":"https:\/\/goldencurry.es\/fr\/wp-json\/wp\/v2\/product_brand?post=1456"},{"taxonomy":"product_cat","embeddable":true,"href":"https:\/\/goldencurry.es\/fr\/wp-json\/wp\/v2\/product_cat?post=1456"},{"taxonomy":"product_tag","embeddable":true,"href":"https:\/\/goldencurry.es\/fr\/wp-json\/wp\/v2\/product_tag?post=1456"}],"curies":[{"name":"wp","href":"https:\/\/api.w.org\/{rel}","templated":true}]}}